{"id":3094,"date":"2022-02-16T08:04:26","date_gmt":"2022-02-16T07:04:26","guid":{"rendered":"https:\/\/www.urlaub-defereggental.at\/impronta\/"},"modified":"2022-02-16T08:04:27","modified_gmt":"2022-02-16T07:04:27","slug":"impronta","status":"publish","type":"page","link":"https:\/\/www.urlaub-defereggental.at\/it\/impronta\/","title":{"rendered":"impronta"},"content":{"rendered":"\t\t<div data-elementor-type=\"wp-page\" data-elementor-id=\"3094\" class=\"elementor elementor-3094 elementor-1026\">\n\t\t\t\t\t\t\t\t\t<section class=\"elementor-section elementor-top-section elementor-element elementor-element-7441489 elementor-section-boxed elementor-section-height-default elementor-section-height-default\" data-id=\"7441489\" data-element_type=\"section\">\n\t\t\t\t\t\t<div class=\"elementor-container elementor-column-gap-default\">\n\t\t\t\t\t<div class=\"elementor-column elementor-col-100 elementor-top-column elementor-element elementor-element-e07bf03\" data-id=\"e07bf03\" data-element_type=\"column\">\n\t\t\t<div class=\"elementor-widget-wrap elementor-element-populated\">\n\t\t\t\t\t\t\t\t<div class=\"elementor-element elementor-element-a053b66 elementor-widget elementor-widget-heading\" data-id=\"a053b66\" data-element_type=\"widget\" data-widget_type=\"heading.default\">\n\t\t\t\t<div class=\"elementor-widget-container\">\n\t\t\t<style>\/*! elementor - v3.13.3 - 22-05-2023 *\/\n.elementor-heading-title{padding:0;margin:0;line-height:1}.elementor-widget-heading .elementor-heading-title[class*=elementor-size-]>a{color:inherit;font-size:inherit;line-height:inherit}.elementor-widget-heading .elementor-heading-title.elementor-size-small{font-size:15px}.elementor-widget-heading .elementor-heading-title.elementor-size-medium{font-size:19px}.elementor-widget-heading .elementor-heading-title.elementor-size-large{font-size:29px}.elementor-widget-heading .elementor-heading-title.elementor-size-xl{font-size:39px}.elementor-widget-heading .elementor-heading-title.elementor-size-xxl{font-size:59px}<\/style><h1 class=\"elementor-heading-title elementor-size-default\">impronta<\/h1>\t\t<\/div>\n\t\t\t\t<\/div>\n\t\t\t\t\t<\/div>\n\t\t<\/div>\n\t\t\t\t\t\t\t<\/div>\n\t\t<\/section>\n\t\t\t\t<section class=\"elementor-section elementor-top-section elementor-element elementor-element-17f1421 elementor-section-boxed elementor-section-height-default elementor-section-height-default\" data-id=\"17f1421\" data-element_type=\"section\">\n\t\t\t\t\t\t<div class=\"elementor-container elementor-column-gap-default\">\n\t\t\t\t\t<div class=\"elementor-column elementor-col-50 elementor-top-column elementor-element elementor-element-b7160a5\" data-id=\"b7160a5\" data-element_type=\"column\">\n\t\t\t<div class=\"elementor-widget-wrap elementor-element-populated\">\n\t\t\t\t\t\t\t\t<div class=\"elementor-element elementor-element-723e6d4 elementor-widget elementor-widget-text-editor\" data-id=\"723e6d4\" data-element_type=\"widget\" data-widget_type=\"text-editor.default\">\n\t\t\t\t<div class=\"elementor-widget-container\">\n\t\t\t<style>\/*! elementor - v3.13.3 - 22-05-2023 *\/\n.elementor-widget-text-editor.elementor-drop-cap-view-stacked .elementor-drop-cap{background-color:#69727d;color:#fff}.elementor-widget-text-editor.elementor-drop-cap-view-framed .elementor-drop-cap{color:#69727d;border:3px solid;background-color:transparent}.elementor-widget-text-editor:not(.elementor-drop-cap-view-default) .elementor-drop-cap{margin-top:8px}.elementor-widget-text-editor:not(.elementor-drop-cap-view-default) .elementor-drop-cap-letter{width:1em;height:1em}.elementor-widget-text-editor .elementor-drop-cap{float:left;text-align:center;line-height:1;font-size:50px}.elementor-widget-text-editor .elementor-drop-cap-letter{display:inline-block}<\/style>\t\t\t\t<h2>Responsabile del contenuto<\/h2>\n<p>Famiglia Kleinlercher<br \/>Ausserrotte 43<br \/>A-9963 St. Jakob im Defereggental<\/p>\n<p>Telefono +43 4873 5415<br \/>Fax +43 4873 5415-33<br \/>Cellulare +43 676 404 23 19<\/p>\n<p>info@urlaub-defeggental.at<br \/>www.urlaub-defereggental.at<\/p>\n<p>Il nostro collegamento bancario:<br \/>Raiba Defereggental<br \/>IBAN AT10 3636 7000 0002 9769<br \/>BIC RZTIAT22367<\/p>\n<p>informazioni sul diritto commerciale (secondo \u00a75 ECG):<\/p>\n<p>UID: ATU68924934<\/p>\n<p>Nome dell&#8217;azienda: Hotel privato Garni Olympia<br \/>Hotel FG &#8211; Garni<br \/>autorit\u00e0 sec. ECG: autorit\u00e0 distrettuale Lienz<\/p>\n<p>FOTOGRAFIE:<\/p>\n<p>Hotel privato Garni Olympia<br \/>TVB Osttirol<br \/>Campo da golf della valle di Defereggen<\/p>\n\t\t\t\t\t\t<\/div>\n\t\t\t\t<\/div>\n\t\t\t\t\t<\/div>\n\t\t<\/div>\n\t\t\t\t<div class=\"elementor-column elementor-col-50 elementor-top-column elementor-element elementor-element-6019618\" data-id=\"6019618\" data-element_type=\"column\">\n\t\t\t<div class=\"elementor-widget-wrap elementor-element-populated\">\n\t\t\t\t\t\t\t\t<div class=\"elementor-element elementor-element-fe35edd elementor-widget elementor-widget-text-editor\" data-id=\"fe35edd\" data-element_type=\"widget\" data-widget_type=\"text-editor.default\">\n\t\t\t\t<div class=\"elementor-widget-container\">\n\t\t\t\t\t\t\t<h2>Ideazione, layout, programmazione<\/h2>\n<p>Alphamedia OG<br \/>Au 185 b<br \/>A-9920 Sillian<br \/><span style=\"text-decoration: underline;\"><a href=\"https:\/\/www.alphamedia.co.at\/\">www.alp<\/a><\/span> <a href=\"https:\/\/www.alphamedia.co.at\/\">hamedia.co.at<\/a> <span style=\"text-decoration: underline;\"><a href=\"https:\/\/www.alphamedia.co.at\/\">_<\/a><\/span><\/p>\n<p><a href=\"https:\/\/www.alphamedia.co.at\/\"><img loading=\"lazy\" decoding=\"async\" class=\"\" src=\"https:\/\/www.transporte-mair.com\/images\/Logo.png\" width=\"209\" height=\"50\"><\/a><\/p>\n\t\t\t\t\t\t<\/div>\n\t\t\t\t<\/div>\n\t\t\t\t\t<\/div>\n\t\t<\/div>\n\t\t\t\t\t\t\t<\/div>\n\t\t<\/section>\n\t\t\t\t<section class=\"elementor-section elementor-top-section elementor-element elementor-element-d24cb4a elementor-section-boxed elementor-section-height-default elementor-section-height-default\" data-id=\"d24cb4a\" data-element_type=\"section\">\n\t\t\t\t\t\t<div class=\"elementor-container elementor-column-gap-default\">\n\t\t\t\t\t<div class=\"elementor-column elementor-col-100 elementor-top-column elementor-element elementor-element-b334c9a\" data-id=\"b334c9a\" data-element_type=\"column\">\n\t\t\t<div class=\"elementor-widget-wrap elementor-element-populated\">\n\t\t\t\t\t\t\t\t<div class=\"elementor-element elementor-element-88b935d elementor-widget elementor-widget-text-editor\" data-id=\"88b935d\" data-element_type=\"widget\" data-widget_type=\"text-editor.default\">\n\t\t\t\t<div class=\"elementor-widget-container\">\n\t\t\t\t\t\t\t<h2>Disclaimer<\/h2>\n<h3>Responsabilit\u00e0 per il contenuto<\/h3>\n<p>I contenuti delle nostre pagine sono stati creati con grande cura. Tuttavia, non possiamo garantire che il contenuto sia corretto, completo o aggiornato. Come fornitore di servizi siamo secondo \u00a7 7 Abs.1 TMG \u00e8 responsabile dei propri contenuti su queste pagine secondo le leggi generali. Ai sensi dei \u00a7\u00a7 da 8 a 10 TMG, tuttavia, noi come fornitori di servizi non siamo obbligati a monitorare le informazioni di terze parti trasmesse o memorizzate o a indagare su circostanze che indicano attivit\u00e0 illegali. Gli obblighi di rimuovere o bloccare l&#8217;uso delle informazioni secondo le leggi generali rimangono inalterati. Tuttavia, la responsabilit\u00e0 al riguardo \u00e8 possibile solo dal momento in cui \u00e8 nota la conoscenza di una specifica violazione della legge. Non appena veniamo a conoscenza di eventuali violazioni della legge, rimuoveremo immediatamente questo contenuto.<\/p>\n<h3>Responsabilit\u00e0 per link<\/h3>\n<p>La nostra offerta contiene collegamenti a siti Web di terzi esterni, sui cui contenuti non abbiamo alcuna influenza. Pertanto non possiamo assumerci alcuna responsabilit\u00e0 per questo contenuto esterno. Il rispettivo fornitore o gestore delle pagine \u00e8 sempre responsabile del contenuto delle pagine collegate. Le pagine collegate sono state controllate per possibili violazioni legali al momento del collegamento. Il contenuto illegale non era riconoscibile al momento del collegamento. Tuttavia, un controllo permanente del contenuto delle pagine collegate non \u00e8 ragionevole senza prove concrete di una violazione. Non appena veniamo a conoscenza di violazioni legali, rimuoveremo immediatamente tali collegamenti.<\/p>\n<h3>diritto d&#8217;autore<\/h3>\n<p>Il contenuto e le opere di queste pagine create dagli operatori del sito sono soggetti alla legge tedesca sul diritto d&#8217;autore. La duplicazione, la modifica, la distribuzione e qualsiasi tipo di sfruttamento al di fuori dei limiti del diritto d&#8217;autore richiedono il consenso scritto del rispettivo autore o creatore. Download e copie di questo sito sono consentiti solo per uso privato e non commerciale. Nella misura in cui il contenuto di questo sito non \u00e8 stato creato dal gestore, vengono rispettati i diritti d&#8217;autore di terzi. In particolare i contenuti di terzi sono contrassegnati come tali. Qualora doveste comunque venire a conoscenza di una violazione del diritto d&#8217;autore, vi chiediamo di informarci di conseguenza. Non appena veniamo a conoscenza di violazioni legali, rimuoveremo immediatamente tali contenuti.<\/p>\n<h3>privacy<\/h3>\n<p>Il nostro sito Web pu\u00f2 essere generalmente utilizzato senza fornire alcun dato personale. Nella misura in cui i dati personali (ad es. nome, indirizzo o indirizzi e-mail) vengono raccolti sul nostro sito Web, ci\u00f2 avviene sempre, per quanto possibile, su base volontaria. Questi dati non saranno ceduti a terzi senza il tuo esplicito consenso.<br \/>Segnaliamo che la trasmissione di dati su Internet (ad es. quando si comunica via e-mail) pu\u00f2 presentare lacune di sicurezza. Non \u00e8 possibile una protezione completa dei dati contro l&#8217;accesso di terzi.<br \/>\u00c8 espressamente vietato l&#8217;utilizzo dei dati di contatto pubblicati nell&#8217;ambito dell&#8217;obbligo di impronta da parte di terzi per l&#8217;invio di materiale pubblicitario e informativo non richiesto. I gestori del sito si riservano espressamente il diritto di agire in giudizio in caso di invio di pubblicit\u00e0 non richiesta, come e-mail di spam.<\/p>\n\t\t\t\t\t\t<\/div>\n\t\t\t\t<\/div>\n\t\t\t\t\t<\/div>\n\t\t<\/div>\n\t\t\t\t\t\t\t<\/div>\n\t\t<\/section>\n\t\t\t\t\t\t\t<\/div>\n\t\t","protected":false},"excerpt":{"rendered":"<p>impronta Responsabile del contenuto Famiglia KleinlercherAusserrotte 43A-9963 St. Jakob im Defereggental Telefono +43 4873 5415Fax +43 4873 5415-33Cellulare +43 676 404 23 19 info@urlaub-defeggental.atwww.urlaub-defereggental.at Il nostro collegamento bancario:Raiba DefereggentalIBAN AT10 3636 7000 0002 9769BIC RZTIAT22367 informazioni sul diritto commerciale (secondo \u00a75 ECG): UID: ATU68924934 Nome dell&#8217;azienda: Hotel privato Garni OlympiaHotel FG &#8211; Garniautorit\u00e0 sec. ECG: [&hellip;]<\/p>\n","protected":false},"author":1,"featured_media":0,"parent":0,"menu_order":0,"comment_status":"closed","ping_status":"closed","template":"","meta":{"passster_activate_protection":false,"passster_protect_child_pages":"","passster_protection_type":"password","passster_password":"","passster_activate_overwrite_defaults":"","passster_headline":"","passster_instruction":"","passster_placeholder":"","passster_button":"","passster_id":"","passster_activate_misc_settings":"","passster_redirect_url":"","passster_hide":"no","passster_area_shortcode":"","footnotes":""},"class_list":["post-3094","page","type-page","status-publish","hentry","entry"],"yoast_head":"<!-- This site is optimized with the Yoast SEO plugin v20.8 - https:\/\/yoast.com\/wordpress\/plugins\/seo\/ -->\n<title>impronta - OLYMPIA Privathotel Garni<\/title>\n<meta name=\"robots\" content=\"index, follow, max-snippet:-1, max-image-preview:large, max-video-preview:-1\" \/>\n<link rel=\"canonical\" href=\"https:\/\/www.urlaub-defereggental.at\/it\/impronta\/\" \/>\n<meta property=\"og:locale\" content=\"it_IT\" \/>\n<meta property=\"og:type\" content=\"article\" \/>\n<meta property=\"og:title\" content=\"impronta - OLYMPIA Privathotel Garni\" \/>\n<meta property=\"og:description\" content=\"impronta Responsabile del contenuto Famiglia KleinlercherAusserrotte 43A-9963 St. Jakob im Defereggental Telefono +43 4873 5415Fax +43 4873 5415-33Cellulare +43 676 404 23 19 info@urlaub-defeggental.atwww.urlaub-defereggental.at Il nostro collegamento bancario:Raiba DefereggentalIBAN AT10 3636 7000 0002 9769BIC RZTIAT22367 informazioni sul diritto commerciale (secondo \u00a75 ECG): UID: ATU68924934 Nome dell&#8217;azienda: Hotel privato Garni OlympiaHotel FG &#8211; Garniautorit\u00e0 sec. ECG: [&hellip;]\" \/>\n<meta property=\"og:url\" content=\"https:\/\/www.urlaub-defereggental.at\/it\/impronta\/\" \/>\n<meta property=\"og:site_name\" content=\"OLYMPIA Privathotel Garni\" \/>\n<meta property=\"article:modified_time\" content=\"2022-02-16T07:04:27+00:00\" \/>\n<meta property=\"og:image\" content=\"https:\/\/www.transporte-mair.com\/images\/Logo.png\" \/>\n<meta name=\"twitter:card\" content=\"summary_large_image\" \/>\n<meta name=\"twitter:label1\" content=\"Tempo di lettura stimato\" \/>\n\t<meta name=\"twitter:data1\" content=\"3 minuti\" \/>\n<script type=\"application\/ld+json\" class=\"yoast-schema-graph\">{\"@context\":\"https:\/\/schema.org\",\"@graph\":[{\"@type\":\"WebPage\",\"@id\":\"https:\/\/www.urlaub-defereggental.at\/it\/impronta\/\",\"url\":\"https:\/\/www.urlaub-defereggental.at\/it\/impronta\/\",\"name\":\"impronta - OLYMPIA Privathotel Garni\",\"isPartOf\":{\"@id\":\"https:\/\/www.urlaub-defereggental.at\/#website\"},\"datePublished\":\"2022-02-16T07:04:26+00:00\",\"dateModified\":\"2022-02-16T07:04:27+00:00\",\"inLanguage\":\"it-IT\",\"potentialAction\":[{\"@type\":\"ReadAction\",\"target\":[\"https:\/\/www.urlaub-defereggental.at\/it\/impronta\/\"]}]},{\"@type\":\"WebSite\",\"@id\":\"https:\/\/www.urlaub-defereggental.at\/#website\",\"url\":\"https:\/\/www.urlaub-defereggental.at\/\",\"name\":\"OLYMPIA Privathotel Garni\",\"description\":\"Herzlich Willkommen im Olympia\",\"publisher\":{\"@id\":\"https:\/\/www.urlaub-defereggental.at\/#organization\"},\"potentialAction\":[{\"@type\":\"SearchAction\",\"target\":{\"@type\":\"EntryPoint\",\"urlTemplate\":\"https:\/\/www.urlaub-defereggental.at\/?s={search_term_string}\"},\"query-input\":\"required name=search_term_string\"}],\"inLanguage\":\"it-IT\"},{\"@type\":\"Organization\",\"@id\":\"https:\/\/www.urlaub-defereggental.at\/#organization\",\"name\":\"OLYMPIA Privathotel Garni\",\"url\":\"https:\/\/www.urlaub-defereggental.at\/\",\"logo\":{\"@type\":\"ImageObject\",\"inLanguage\":\"it-IT\",\"@id\":\"https:\/\/www.urlaub-defereggental.at\/#\/schema\/logo\/image\/\",\"url\":\"https:\/\/www.urlaub-defereggental.at\/wp-content\/uploads\/2022\/02\/Element-2.png\",\"contentUrl\":\"https:\/\/www.urlaub-defereggental.at\/wp-content\/uploads\/2022\/02\/Element-2.png\",\"width\":206,\"height\":298,\"caption\":\"OLYMPIA Privathotel Garni\"},\"image\":{\"@id\":\"https:\/\/www.urlaub-defereggental.at\/#\/schema\/logo\/image\/\"}}]}<\/script>\n<!-- \/ Yoast SEO plugin. -->","yoast_head_json":{"title":"impronta - OLYMPIA Privathotel Garni","robots":{"index":"index","follow":"follow","max-snippet":"max-snippet:-1","max-image-preview":"max-image-preview:large","max-video-preview":"max-video-preview:-1"},"canonical":"https:\/\/www.urlaub-defereggental.at\/it\/impronta\/","og_locale":"it_IT","og_type":"article","og_title":"impronta - OLYMPIA Privathotel Garni","og_description":"impronta Responsabile del contenuto Famiglia KleinlercherAusserrotte 43A-9963 St. Jakob im Defereggental Telefono +43 4873 5415Fax +43 4873 5415-33Cellulare +43 676 404 23 19 info@urlaub-defeggental.atwww.urlaub-defereggental.at Il nostro collegamento bancario:Raiba DefereggentalIBAN AT10 3636 7000 0002 9769BIC RZTIAT22367 informazioni sul diritto commerciale (secondo \u00a75 ECG): UID: ATU68924934 Nome dell&#8217;azienda: Hotel privato Garni OlympiaHotel FG &#8211; Garniautorit\u00e0 sec. ECG: [&hellip;]","og_url":"https:\/\/www.urlaub-defereggental.at\/it\/impronta\/","og_site_name":"OLYMPIA Privathotel Garni","article_modified_time":"2022-02-16T07:04:27+00:00","og_image":[{"url":"https:\/\/www.transporte-mair.com\/images\/Logo.png"}],"twitter_card":"summary_large_image","twitter_misc":{"Tempo di lettura stimato":"3 minuti"},"schema":{"@context":"https:\/\/schema.org","@graph":[{"@type":"WebPage","@id":"https:\/\/www.urlaub-defereggental.at\/it\/impronta\/","url":"https:\/\/www.urlaub-defereggental.at\/it\/impronta\/","name":"impronta - OLYMPIA Privathotel Garni","isPartOf":{"@id":"https:\/\/www.urlaub-defereggental.at\/#website"},"datePublished":"2022-02-16T07:04:26+00:00","dateModified":"2022-02-16T07:04:27+00:00","inLanguage":"it-IT","potentialAction":[{"@type":"ReadAction","target":["https:\/\/www.urlaub-defereggental.at\/it\/impronta\/"]}]},{"@type":"WebSite","@id":"https:\/\/www.urlaub-defereggental.at\/#website","url":"https:\/\/www.urlaub-defereggental.at\/","name":"OLYMPIA Privathotel Garni","description":"Herzlich Willkommen im Olympia","publisher":{"@id":"https:\/\/www.urlaub-defereggental.at\/#organization"},"potentialAction":[{"@type":"SearchAction","target":{"@type":"EntryPoint","urlTemplate":"https:\/\/www.urlaub-defereggental.at\/?s={search_term_string}"},"query-input":"required name=search_term_string"}],"inLanguage":"it-IT"},{"@type":"Organization","@id":"https:\/\/www.urlaub-defereggental.at\/#organization","name":"OLYMPIA Privathotel Garni","url":"https:\/\/www.urlaub-defereggental.at\/","logo":{"@type":"ImageObject","inLanguage":"it-IT","@id":"https:\/\/www.urlaub-defereggental.at\/#\/schema\/logo\/image\/","url":"https:\/\/www.urlaub-defereggental.at\/wp-content\/uploads\/2022\/02\/Element-2.png","contentUrl":"https:\/\/www.urlaub-defereggental.at\/wp-content\/uploads\/2022\/02\/Element-2.png","width":206,"height":298,"caption":"OLYMPIA Privathotel Garni"},"image":{"@id":"https:\/\/www.urlaub-defereggental.at\/#\/schema\/logo\/image\/"}}]}},"_links":{"self":[{"href":"https:\/\/www.urlaub-defereggental.at\/it\/wp-json\/wp\/v2\/pages\/3094","targetHints":{"allow":["GET"]}}],"collection":[{"href":"https:\/\/www.urlaub-defereggental.at\/it\/wp-json\/wp\/v2\/pages"}],"about":[{"href":"https:\/\/www.urlaub-defereggental.at\/it\/wp-json\/wp\/v2\/types\/page"}],"author":[{"embeddable":true,"href":"https:\/\/www.urlaub-defereggental.at\/it\/wp-json\/wp\/v2\/users\/1"}],"replies":[{"embeddable":true,"href":"https:\/\/www.urlaub-defereggental.at\/it\/wp-json\/wp\/v2\/comments?post=3094"}],"version-history":[{"count":2,"href":"https:\/\/www.urlaub-defereggental.at\/it\/wp-json\/wp\/v2\/pages\/3094\/revisions"}],"predecessor-version":[{"id":3104,"href":"https:\/\/www.urlaub-defereggental.at\/it\/wp-json\/wp\/v2\/pages\/3094\/revisions\/3104"}],"wp:attachment":[{"href":"https:\/\/www.urlaub-defereggental.at\/it\/wp-json\/wp\/v2\/media?parent=3094"}],"curies":[{"name":"wp","href":"https:\/\/api.w.org\/{rel}","templated":true}]}}