{"id":3090,"date":"2022-02-16T08:04:26","date_gmt":"2022-02-16T07:04:26","guid":{"rendered":"https:\/\/www.urlaub-defereggental.at\/protezione-dati\/"},"modified":"2022-02-16T08:04:31","modified_gmt":"2022-02-16T07:04:31","slug":"protezione-dati","status":"publish","type":"page","link":"https:\/\/www.urlaub-defereggental.at\/it\/protezione-dati\/","title":{"rendered":"Protezione dati"},"content":{"rendered":"\t\t<div data-elementor-type=\"wp-page\" data-elementor-id=\"3090\" class=\"elementor elementor-3090 elementor-3\">\n\t\t\t\t\t\t\t\t\t<section class=\"elementor-section elementor-top-section elementor-element elementor-element-a9f7654 elementor-section-boxed elementor-section-height-default elementor-section-height-default\" data-id=\"a9f7654\" data-element_type=\"section\">\n\t\t\t\t\t\t<div class=\"elementor-container elementor-column-gap-default\">\n\t\t\t\t\t<div class=\"elementor-column elementor-col-100 elementor-top-column elementor-element elementor-element-6c56289\" data-id=\"6c56289\" data-element_type=\"column\">\n\t\t\t<div class=\"elementor-widget-wrap elementor-element-populated\">\n\t\t\t\t\t\t\t\t<div class=\"elementor-element elementor-element-5e01fd3 elementor-widget elementor-widget-text-editor\" data-id=\"5e01fd3\" data-element_type=\"widget\" data-widget_type=\"text-editor.default\">\n\t\t\t\t<div class=\"elementor-widget-container\">\n\t\t\t<style>\/*! elementor - v3.13.3 - 22-05-2023 *\/\n.elementor-widget-text-editor.elementor-drop-cap-view-stacked .elementor-drop-cap{background-color:#69727d;color:#fff}.elementor-widget-text-editor.elementor-drop-cap-view-framed .elementor-drop-cap{color:#69727d;border:3px solid;background-color:transparent}.elementor-widget-text-editor:not(.elementor-drop-cap-view-default) .elementor-drop-cap{margin-top:8px}.elementor-widget-text-editor:not(.elementor-drop-cap-view-default) .elementor-drop-cap-letter{width:1em;height:1em}.elementor-widget-text-editor .elementor-drop-cap{float:left;text-align:center;line-height:1;font-size:50px}.elementor-widget-text-editor .elementor-drop-cap-letter{display:inline-block}<\/style>\t\t\t\t<h1>Protezione dati<\/h1>\n<p>La protezione dei tuoi dati personali \u00e8 particolarmente importante per noi. Pertanto elaboriamo i tuoi dati esclusivamente sulla base delle disposizioni di legge (GDPR, TKG 2003). In questa informativa sulla protezione dei dati ti informiamo sugli aspetti pi\u00f9 importanti del trattamento dei dati nell&#8217;ambito del nostro sito web.<\/p>\n<h2>contatto con noi<\/h2>\n<p>Se ci contatti utilizzando il modulo sul sito web o tramite e-mail, i dati da te forniti verranno conservati presso di noi per sei mesi ai fini dell&#8217;elaborazione della richiesta e in caso di domande di follow-up. Non trasmettiamo questi dati senza il tuo consenso.<\/p>\n<h2>I tuoi diritti<\/h2>\n<p>In linea di principio, hai il diritto all&#8217;informazione, alla correzione, alla cancellazione, alla limitazione, alla trasferibilit\u00e0 dei dati, alla revoca e all&#8217;opposizione. Se ritieni che il trattamento dei tuoi dati violi la legge sulla protezione dei dati o che i tuoi diritti alla protezione dei dati siano stati altrimenti violati in qualsiasi modo, puoi presentare un reclamo all&#8217;autorit\u00e0 di controllo. In Austria, questa \u00e8 l&#8217;autorit\u00e0 per la protezione dei dati.<br \/>Impostazioni dei cookie<br \/>Modifica le impostazioni sulla privacy<br \/>Cronologia delle impostazioni sulla privacy<br \/>revocare i consensi<\/p>\n<h2>Puoi contattarci utilizzando i seguenti recapiti:<\/h2>\n<p>Famiglia Kleinlercher<br \/>Ausserrotte 43<br \/>A-9963 St. Jakob im Defereggental<\/p>\n<p>Telefono +43 4873 5415<br \/>Fax +43 4873 5415-33<br \/>Cellulare +43 676 40 42 319<br \/>Email: info@urlaub-defereggental.at<\/p>\n\t\t\t\t\t\t<\/div>\n\t\t\t\t<\/div>\n\t\t\t\t\t<\/div>\n\t\t<\/div>\n\t\t\t\t\t\t\t<\/div>\n\t\t<\/section>\n\t\t\t\t\t\t\t<\/div>\n\t\t","protected":false},"excerpt":{"rendered":"<p>Protezione dati La protezione dei tuoi dati personali \u00e8 particolarmente importante per noi. Pertanto elaboriamo i tuoi dati esclusivamente sulla base delle disposizioni di legge (GDPR, TKG 2003). In questa informativa sulla protezione dei dati ti informiamo sugli aspetti pi\u00f9 importanti del trattamento dei dati nell&#8217;ambito del nostro sito web. contatto con noi Se ci [&hellip;]<\/p>\n","protected":false},"author":1,"featured_media":0,"parent":0,"menu_order":0,"comment_status":"closed","ping_status":"closed","template":"","meta":{"passster_activate_protection":false,"passster_protect_child_pages":"","passster_protection_type":"password","passster_password":"","passster_activate_overwrite_defaults":"","passster_headline":"","passster_instruction":"","passster_placeholder":"","passster_button":"","passster_id":"","passster_activate_misc_settings":"","passster_redirect_url":"","passster_hide":"no","passster_area_shortcode":"","footnotes":""},"class_list":["post-3090","page","type-page","status-publish","hentry","entry"],"yoast_head":"<!-- This site is optimized with the Yoast SEO plugin v20.8 - https:\/\/yoast.com\/wordpress\/plugins\/seo\/ -->\n<title>Protezione dati - OLYMPIA Privathotel Garni<\/title>\n<meta name=\"robots\" content=\"index, follow, max-snippet:-1, max-image-preview:large, max-video-preview:-1\" \/>\n<link rel=\"canonical\" href=\"https:\/\/www.urlaub-defereggental.at\/it\/protezione-dati\/\" \/>\n<meta property=\"og:locale\" content=\"it_IT\" \/>\n<meta property=\"og:type\" content=\"article\" \/>\n<meta property=\"og:title\" content=\"Protezione dati - OLYMPIA Privathotel Garni\" \/>\n<meta property=\"og:description\" content=\"Protezione dati La protezione dei tuoi dati personali \u00e8 particolarmente importante per noi. Pertanto elaboriamo i tuoi dati esclusivamente sulla base delle disposizioni di legge (GDPR, TKG 2003). In questa informativa sulla protezione dei dati ti informiamo sugli aspetti pi\u00f9 importanti del trattamento dei dati nell&#8217;ambito del nostro sito web. contatto con noi Se ci [&hellip;]\" \/>\n<meta property=\"og:url\" content=\"https:\/\/www.urlaub-defereggental.at\/it\/protezione-dati\/\" \/>\n<meta property=\"og:site_name\" content=\"OLYMPIA Privathotel Garni\" \/>\n<meta property=\"article:modified_time\" content=\"2022-02-16T07:04:31+00:00\" \/>\n<meta name=\"twitter:card\" content=\"summary_large_image\" \/>\n<meta name=\"twitter:label1\" content=\"Tempo di lettura stimato\" \/>\n\t<meta name=\"twitter:data1\" content=\"1 minuto\" \/>\n<script type=\"application\/ld+json\" class=\"yoast-schema-graph\">{\"@context\":\"https:\/\/schema.org\",\"@graph\":[{\"@type\":\"WebPage\",\"@id\":\"https:\/\/www.urlaub-defereggental.at\/it\/protezione-dati\/\",\"url\":\"https:\/\/www.urlaub-defereggental.at\/it\/protezione-dati\/\",\"name\":\"Protezione dati - OLYMPIA Privathotel Garni\",\"isPartOf\":{\"@id\":\"https:\/\/www.urlaub-defereggental.at\/#website\"},\"datePublished\":\"2022-02-16T07:04:26+00:00\",\"dateModified\":\"2022-02-16T07:04:31+00:00\",\"inLanguage\":\"it-IT\",\"potentialAction\":[{\"@type\":\"ReadAction\",\"target\":[\"https:\/\/www.urlaub-defereggental.at\/it\/protezione-dati\/\"]}]},{\"@type\":\"WebSite\",\"@id\":\"https:\/\/www.urlaub-defereggental.at\/#website\",\"url\":\"https:\/\/www.urlaub-defereggental.at\/\",\"name\":\"OLYMPIA Privathotel Garni\",\"description\":\"Herzlich Willkommen im Olympia\",\"publisher\":{\"@id\":\"https:\/\/www.urlaub-defereggental.at\/#organization\"},\"potentialAction\":[{\"@type\":\"SearchAction\",\"target\":{\"@type\":\"EntryPoint\",\"urlTemplate\":\"https:\/\/www.urlaub-defereggental.at\/?s={search_term_string}\"},\"query-input\":\"required name=search_term_string\"}],\"inLanguage\":\"it-IT\"},{\"@type\":\"Organization\",\"@id\":\"https:\/\/www.urlaub-defereggental.at\/#organization\",\"name\":\"OLYMPIA Privathotel Garni\",\"url\":\"https:\/\/www.urlaub-defereggental.at\/\",\"logo\":{\"@type\":\"ImageObject\",\"inLanguage\":\"it-IT\",\"@id\":\"https:\/\/www.urlaub-defereggental.at\/#\/schema\/logo\/image\/\",\"url\":\"https:\/\/www.urlaub-defereggental.at\/wp-content\/uploads\/2022\/02\/Element-2.png\",\"contentUrl\":\"https:\/\/www.urlaub-defereggental.at\/wp-content\/uploads\/2022\/02\/Element-2.png\",\"width\":206,\"height\":298,\"caption\":\"OLYMPIA Privathotel Garni\"},\"image\":{\"@id\":\"https:\/\/www.urlaub-defereggental.at\/#\/schema\/logo\/image\/\"}}]}<\/script>\n<!-- \/ Yoast SEO plugin. -->","yoast_head_json":{"title":"Protezione dati - OLYMPIA Privathotel Garni","robots":{"index":"index","follow":"follow","max-snippet":"max-snippet:-1","max-image-preview":"max-image-preview:large","max-video-preview":"max-video-preview:-1"},"canonical":"https:\/\/www.urlaub-defereggental.at\/it\/protezione-dati\/","og_locale":"it_IT","og_type":"article","og_title":"Protezione dati - OLYMPIA Privathotel Garni","og_description":"Protezione dati La protezione dei tuoi dati personali \u00e8 particolarmente importante per noi. Pertanto elaboriamo i tuoi dati esclusivamente sulla base delle disposizioni di legge (GDPR, TKG 2003). In questa informativa sulla protezione dei dati ti informiamo sugli aspetti pi\u00f9 importanti del trattamento dei dati nell&#8217;ambito del nostro sito web. contatto con noi Se ci [&hellip;]","og_url":"https:\/\/www.urlaub-defereggental.at\/it\/protezione-dati\/","og_site_name":"OLYMPIA Privathotel Garni","article_modified_time":"2022-02-16T07:04:31+00:00","twitter_card":"summary_large_image","twitter_misc":{"Tempo di lettura stimato":"1 minuto"},"schema":{"@context":"https:\/\/schema.org","@graph":[{"@type":"WebPage","@id":"https:\/\/www.urlaub-defereggental.at\/it\/protezione-dati\/","url":"https:\/\/www.urlaub-defereggental.at\/it\/protezione-dati\/","name":"Protezione dati - OLYMPIA Privathotel Garni","isPartOf":{"@id":"https:\/\/www.urlaub-defereggental.at\/#website"},"datePublished":"2022-02-16T07:04:26+00:00","dateModified":"2022-02-16T07:04:31+00:00","inLanguage":"it-IT","potentialAction":[{"@type":"ReadAction","target":["https:\/\/www.urlaub-defereggental.at\/it\/protezione-dati\/"]}]},{"@type":"WebSite","@id":"https:\/\/www.urlaub-defereggental.at\/#website","url":"https:\/\/www.urlaub-defereggental.at\/","name":"OLYMPIA Privathotel Garni","description":"Herzlich Willkommen im Olympia","publisher":{"@id":"https:\/\/www.urlaub-defereggental.at\/#organization"},"potentialAction":[{"@type":"SearchAction","target":{"@type":"EntryPoint","urlTemplate":"https:\/\/www.urlaub-defereggental.at\/?s={search_term_string}"},"query-input":"required name=search_term_string"}],"inLanguage":"it-IT"},{"@type":"Organization","@id":"https:\/\/www.urlaub-defereggental.at\/#organization","name":"OLYMPIA Privathotel Garni","url":"https:\/\/www.urlaub-defereggental.at\/","logo":{"@type":"ImageObject","inLanguage":"it-IT","@id":"https:\/\/www.urlaub-defereggental.at\/#\/schema\/logo\/image\/","url":"https:\/\/www.urlaub-defereggental.at\/wp-content\/uploads\/2022\/02\/Element-2.png","contentUrl":"https:\/\/www.urlaub-defereggental.at\/wp-content\/uploads\/2022\/02\/Element-2.png","width":206,"height":298,"caption":"OLYMPIA Privathotel Garni"},"image":{"@id":"https:\/\/www.urlaub-defereggental.at\/#\/schema\/logo\/image\/"}}]}},"_links":{"self":[{"href":"https:\/\/www.urlaub-defereggental.at\/it\/wp-json\/wp\/v2\/pages\/3090","targetHints":{"allow":["GET"]}}],"collection":[{"href":"https:\/\/www.urlaub-defereggental.at\/it\/wp-json\/wp\/v2\/pages"}],"about":[{"href":"https:\/\/www.urlaub-defereggental.at\/it\/wp-json\/wp\/v2\/types\/page"}],"author":[{"embeddable":true,"href":"https:\/\/www.urlaub-defereggental.at\/it\/wp-json\/wp\/v2\/users\/1"}],"replies":[{"embeddable":true,"href":"https:\/\/www.urlaub-defereggental.at\/it\/wp-json\/wp\/v2\/comments?post=3090"}],"version-history":[{"count":2,"href":"https:\/\/www.urlaub-defereggental.at\/it\/wp-json\/wp\/v2\/pages\/3090\/revisions"}],"predecessor-version":[{"id":3102,"href":"https:\/\/www.urlaub-defereggental.at\/it\/wp-json\/wp\/v2\/pages\/3090\/revisions\/3102"}],"wp:attachment":[{"href":"https:\/\/www.urlaub-defereggental.at\/it\/wp-json\/wp\/v2\/media?parent=3090"}],"curies":[{"name":"wp","href":"https:\/\/api.w.org\/{rel}","templated":true}]}}