{"id":2861,"date":"2022-02-16T07:48:51","date_gmt":"2022-02-16T06:48:51","guid":{"rendered":"https:\/\/www.urlaub-defereggental.at\/godimento\/"},"modified":"2022-02-16T07:48:55","modified_gmt":"2022-02-16T06:48:55","slug":"godimento","status":"publish","type":"page","link":"https:\/\/www.urlaub-defereggental.at\/it\/godimento\/","title":{"rendered":"godimento"},"content":{"rendered":"\t\t<div data-elementor-type=\"wp-page\" data-elementor-id=\"2861\" class=\"elementor elementor-2861 elementor-78\">\n\t\t\t\t\t\t\t\t\t<section class=\"elementor-section elementor-top-section elementor-element elementor-element-a2d0997 elementor-hidden-desktop elementor-hidden-tablet elementor-hidden-mobile elementor-section-boxed elementor-section-height-default elementor-section-height-default\" data-id=\"a2d0997\" data-element_type=\"section\">\n\t\t\t\t\t\t<div class=\"elementor-container elementor-column-gap-default\">\n\t\t\t\t\t<div class=\"elementor-column elementor-col-100 elementor-top-column elementor-element elementor-element-d389135\" data-id=\"d389135\" data-element_type=\"column\">\n\t\t\t<div class=\"elementor-widget-wrap elementor-element-populated\">\n\t\t\t\t\t\t\t\t<div class=\"elementor-element elementor-element-77f44a0 elementor-widget elementor-widget-heading\" data-id=\"77f44a0\" data-element_type=\"widget\" data-widget_type=\"heading.default\">\n\t\t\t\t<div class=\"elementor-widget-container\">\n\t\t\t<style>\/*! elementor - v3.13.3 - 22-05-2023 *\/\n.elementor-heading-title{padding:0;margin:0;line-height:1}.elementor-widget-heading .elementor-heading-title[class*=elementor-size-]>a{color:inherit;font-size:inherit;line-height:inherit}.elementor-widget-heading .elementor-heading-title.elementor-size-small{font-size:15px}.elementor-widget-heading .elementor-heading-title.elementor-size-medium{font-size:19px}.elementor-widget-heading .elementor-heading-title.elementor-size-large{font-size:29px}.elementor-widget-heading .elementor-heading-title.elementor-size-xl{font-size:39px}.elementor-widget-heading .elementor-heading-title.elementor-size-xxl{font-size:59px}<\/style><h1 class=\"elementor-heading-title elementor-size-default\">godimento<\/h1>\t\t<\/div>\n\t\t\t\t<\/div>\n\t\t\t\t<div class=\"elementor-element elementor-element-299d651 elementor-widget elementor-widget-text-editor\" data-id=\"299d651\" data-element_type=\"widget\" data-widget_type=\"text-editor.default\">\n\t\t\t\t<div class=\"elementor-widget-container\">\n\t\t\t<style>\/*! elementor - v3.13.3 - 22-05-2023 *\/\n.elementor-widget-text-editor.elementor-drop-cap-view-stacked .elementor-drop-cap{background-color:#69727d;color:#fff}.elementor-widget-text-editor.elementor-drop-cap-view-framed .elementor-drop-cap{color:#69727d;border:3px solid;background-color:transparent}.elementor-widget-text-editor:not(.elementor-drop-cap-view-default) .elementor-drop-cap{margin-top:8px}.elementor-widget-text-editor:not(.elementor-drop-cap-view-default) .elementor-drop-cap-letter{width:1em;height:1em}.elementor-widget-text-editor .elementor-drop-cap{float:left;text-align:center;line-height:1;font-size:50px}.elementor-widget-text-editor .elementor-drop-cap-letter{display:inline-block}<\/style>\t\t\t\t<p><em>Abbiamo la cosa giusta per tutti i gusti<\/em><\/p>\n\t\t\t\t\t\t<\/div>\n\t\t\t\t<\/div>\n\t\t\t\t\t<\/div>\n\t\t<\/div>\n\t\t\t\t\t\t\t<\/div>\n\t\t<\/section>\n\t\t\t\t<section class=\"elementor-section elementor-top-section elementor-element elementor-element-deec715 elementor-section-boxed elementor-section-height-default elementor-section-height-default\" data-id=\"deec715\" data-element_type=\"section\">\n\t\t\t\t\t\t<div class=\"elementor-container elementor-column-gap-default\">\n\t\t\t\t\t<div class=\"elementor-column elementor-col-100 elementor-top-column elementor-element elementor-element-263e58d\" data-id=\"263e58d\" data-element_type=\"column\">\n\t\t\t<div class=\"elementor-widget-wrap elementor-element-populated\">\n\t\t\t\t\t\t\t\t<div class=\"elementor-element elementor-element-8457a6f elementor-widget elementor-widget-heading\" data-id=\"8457a6f\" data-element_type=\"widget\" data-widget_type=\"heading.default\">\n\t\t\t\t<div class=\"elementor-widget-container\">\n\t\t\t<h2 class=\"elementor-heading-title elementor-size-default\">La nostra ricca colazione a buffet<\/h2>\t\t<\/div>\n\t\t\t\t<\/div>\n\t\t\t\t<div class=\"elementor-element elementor-element-47ba9dc elementor-widget elementor-widget-text-editor\" data-id=\"47ba9dc\" data-element_type=\"widget\" data-widget_type=\"text-editor.default\">\n\t\t\t\t<div class=\"elementor-widget-container\">\n\t\t\t\t\t\t\t<p><em>ti d\u00e0 la forza per iniziare la tua giornata di vacanza<\/em><\/p>\n\t\t\t\t\t\t<\/div>\n\t\t\t\t<\/div>\n\t\t\t\t\t<\/div>\n\t\t<\/div>\n\t\t\t\t\t\t\t<\/div>\n\t\t<\/section>\n\t\t\t\t<section class=\"elementor-section elementor-top-section elementor-element elementor-element-7386261 elementor-section-boxed elementor-section-height-default elementor-section-height-default\" data-id=\"7386261\" data-element_type=\"section\">\n\t\t\t\t\t\t<div class=\"elementor-container elementor-column-gap-default\">\n\t\t\t\t\t<div class=\"elementor-column elementor-col-100 elementor-top-column elementor-element elementor-element-59eaca6\" data-id=\"59eaca6\" data-element_type=\"column\">\n\t\t\t<div class=\"elementor-widget-wrap elementor-element-populated\">\n\t\t\t\t\t\t\t\t<div class=\"elementor-element elementor-element-9a756d6 elementor-widget elementor-widget-text-editor\" data-id=\"9a756d6\" data-element_type=\"widget\" data-widget_type=\"text-editor.default\">\n\t\t\t\t<div class=\"elementor-widget-container\">\n\t\t\t\t\t\t\t<p>Per colazione vi offriamo un ricco buffet con tutti i tipi di prodotti agricoli locali e prelibatezze regionali incl. un angolo vitale per gli atleti tra di voi. Aiutati ogni giorno dalle 7:30 alle 10:30 nel nostro generoso buffet e rafforzati per l&#8217;inizio della tua giornata di vacanza.<\/p>\n<p>Se prenoti in anticipo, puoi fare colazione prima. Pane appena sfornato, caff\u00e8 o t\u00e8 caldi, burro alpino fresco, un&#8217;ampia variet\u00e0 di creme spalmabili, salsicce, formaggi, frutta e verdura fresca e deliziose marmellate.<br \/>Cos\u00ec la giornata inizia secondo i tuoi gusti!<\/p>\n\t\t\t\t\t\t<\/div>\n\t\t\t\t<\/div>\n\t\t\t\t\t<\/div>\n\t\t<\/div>\n\t\t\t\t\t\t\t<\/div>\n\t\t<\/section>\n\t\t\t\t<section class=\"elementor-section elementor-top-section elementor-element elementor-element-2da3163 elementor-section-boxed elementor-section-height-default elementor-section-height-default\" data-id=\"2da3163\" data-element_type=\"section\">\n\t\t\t\t\t\t<div class=\"elementor-container elementor-column-gap-default\">\n\t\t\t\t\t<div class=\"elementor-column elementor-col-100 elementor-top-column elementor-element elementor-element-b857be9\" data-id=\"b857be9\" data-element_type=\"column\">\n\t\t\t<div class=\"elementor-widget-wrap elementor-element-populated\">\n\t\t\t\t\t\t\t\t<div class=\"elementor-element elementor-element-f2fb54c elementor-widget elementor-widget-image-carousel\" data-id=\"f2fb54c\" data-element_type=\"widget\" data-settings=\"{&quot;navigation&quot;:&quot;none&quot;,&quot;autoplay_speed&quot;:3500,&quot;autoplay&quot;:&quot;yes&quot;,&quot;pause_on_hover&quot;:&quot;yes&quot;,&quot;pause_on_interaction&quot;:&quot;yes&quot;,&quot;infinite&quot;:&quot;yes&quot;,&quot;speed&quot;:500}\" data-widget_type=\"image-carousel.default\">\n\t\t\t\t<div class=\"elementor-widget-container\">\n\t\t\t<style>\/*! elementor - v3.13.3 - 22-05-2023 *\/\n.elementor-widget-image-carousel .swiper,.elementor-widget-image-carousel .swiper-container{position:static}.elementor-widget-image-carousel .swiper-container .swiper-slide figure,.elementor-widget-image-carousel .swiper .swiper-slide figure{line-height:inherit}.elementor-widget-image-carousel .swiper-slide{text-align:center}.elementor-image-carousel-wrapper:not(.swiper-container-initialized):not(.swiper-initialized) .swiper-slide{max-width:calc(100% \/ var(--e-image-carousel-slides-to-show, 3))}<\/style>\t\t<div class=\"elementor-image-carousel-wrapper swiper-container\" dir=\"ltr\">\n\t\t\t<div class=\"elementor-image-carousel swiper-wrapper\">\n\t\t\t\t\t\t\t\t<div class=\"swiper-slide\"><a data-elementor-open-lightbox=\"yes\" data-elementor-lightbox-slideshow=\"f2fb54c\" data-elementor-lightbox-title=\"Fruehstueck_2\" data-e-action-hash=\"#elementor-action%3Aaction%3Dlightbox%26settings%3DeyJpZCI6MTc2NCwidXJsIjoiaHR0cHM6XC9cL3d3dy51cmxhdWItZGVmZXJlZ2dlbnRhbC5hdFwvd3AtY29udGVudFwvdXBsb2Fkc1wvMjAyMVwvMTFcL0ZydWVoc3R1ZWNrXzItZTE2MzYxMDEyMDM1NzIuanBnIiwic2xpZGVzaG93IjoiZjJmYjU0YyJ9\" href=\"https:\/\/www.urlaub-defereggental.at\/wp-content\/uploads\/2021\/11\/Fruehstueck_2-e1636101203572.jpg\"><figure class=\"swiper-slide-inner\"><img decoding=\"async\" class=\"swiper-slide-image\" src=\"https:\/\/www.urlaub-defereggental.at\/wp-content\/uploads\/2021\/11\/Fruehstueck_2-e1636101203572.jpg\" alt=\"Fruehstueck_2\" \/><\/figure><\/a><\/div><div class=\"swiper-slide\"><a data-elementor-open-lightbox=\"yes\" data-elementor-lightbox-slideshow=\"f2fb54c\" data-elementor-lightbox-title=\"Fruehstueck_3\" data-e-action-hash=\"#elementor-action%3Aaction%3Dlightbox%26settings%3DeyJpZCI6MTc2MSwidXJsIjoiaHR0cHM6XC9cL3d3dy51cmxhdWItZGVmZXJlZ2dlbnRhbC5hdFwvd3AtY29udGVudFwvdXBsb2Fkc1wvMjAyMVwvMTFcL0ZydWVoc3R1ZWNrXzMtZTE2MzYxMDEyMjU1OTYuanBnIiwic2xpZGVzaG93IjoiZjJmYjU0YyJ9\" href=\"https:\/\/www.urlaub-defereggental.at\/wp-content\/uploads\/2021\/11\/Fruehstueck_3-e1636101225596.jpg\"><figure class=\"swiper-slide-inner\"><img decoding=\"async\" class=\"swiper-slide-image\" src=\"https:\/\/www.urlaub-defereggental.at\/wp-content\/uploads\/2021\/11\/Fruehstueck_3-e1636101225596.jpg\" alt=\"Fruehstueck_3\" \/><\/figure><\/a><\/div><div class=\"swiper-slide\"><a data-elementor-open-lightbox=\"yes\" data-elementor-lightbox-slideshow=\"f2fb54c\" data-elementor-lightbox-title=\"Piacere_1\" data-e-action-hash=\"#elementor-action%3Aaction%3Dlightbox%26settings%3DeyJpZCI6MTc1OCwidXJsIjoiaHR0cHM6XC9cL3d3dy51cmxhdWItZGVmZXJlZ2dlbnRhbC5hdFwvd3AtY29udGVudFwvdXBsb2Fkc1wvMjAyMVwvMTFcL0dlbnVzc18xLmpwZWciLCJzbGlkZXNob3ciOiJmMmZiNTRjIn0%3D\" href=\"https:\/\/www.urlaub-defereggental.at\/wp-content\/uploads\/2021\/11\/Genuss_1.jpeg\"><figure class=\"swiper-slide-inner\"><img decoding=\"async\" class=\"swiper-slide-image\" src=\"https:\/\/www.urlaub-defereggental.at\/wp-content\/uploads\/2021\/11\/Genuss_1.jpeg\" alt=\"Piacere_1\" \/><\/figure><\/a><\/div><div class=\"swiper-slide\"><a data-elementor-open-lightbox=\"yes\" data-elementor-lightbox-slideshow=\"f2fb54c\" data-elementor-lightbox-title=\"Piacere_03\" data-e-action-hash=\"#elementor-action%3Aaction%3Dlightbox%26settings%3DeyJpZCI6MTc1MiwidXJsIjoiaHR0cHM6XC9cL3d3dy51cmxhdWItZGVmZXJlZ2dlbnRhbC5hdFwvd3AtY29udGVudFwvdXBsb2Fkc1wvMjAyMVwvMTFcL0dlbnVzc18wMy5qcGVnIiwic2xpZGVzaG93IjoiZjJmYjU0YyJ9\" href=\"https:\/\/www.urlaub-defereggental.at\/wp-content\/uploads\/2021\/11\/Genuss_03.jpeg\"><figure class=\"swiper-slide-inner\"><img decoding=\"async\" class=\"swiper-slide-image\" src=\"https:\/\/www.urlaub-defereggental.at\/wp-content\/uploads\/2021\/11\/Genuss_03.jpeg\" alt=\"Piacere_03\" \/><\/figure><\/a><\/div>\t\t\t<\/div>\n\t\t\t\t\t\t\t\t\t\t\t\t\t\t\t\t<\/div>\n\t\t\t\t<\/div>\n\t\t\t\t<\/div>\n\t\t\t\t\t<\/div>\n\t\t<\/div>\n\t\t\t\t\t\t\t<\/div>\n\t\t<\/section>\n\t\t\t\t<section class=\"elementor-section elementor-top-section elementor-element elementor-element-03266a4 elementor-section-boxed elementor-section-height-default elementor-section-height-default\" data-id=\"03266a4\" data-element_type=\"section\">\n\t\t\t\t\t\t<div class=\"elementor-container elementor-column-gap-default\">\n\t\t\t\t\t<div class=\"elementor-column elementor-col-100 elementor-top-column elementor-element elementor-element-a32eccd\" data-id=\"a32eccd\" data-element_type=\"column\">\n\t\t\t<div class=\"elementor-widget-wrap elementor-element-populated\">\n\t\t\t\t\t\t\t\t<div class=\"elementor-element elementor-element-3707512 elementor-widget elementor-widget-heading\" data-id=\"3707512\" data-element_type=\"widget\" data-widget_type=\"heading.default\">\n\t\t\t\t<div class=\"elementor-widget-container\">\n\t\t\t<h1 class=\"elementor-heading-title elementor-size-default\">Delizie della casa<\/h1>\t\t<\/div>\n\t\t\t\t<\/div>\n\t\t\t\t<div class=\"elementor-element elementor-element-ae1b3c7 elementor-widget elementor-widget-text-editor\" data-id=\"ae1b3c7\" data-element_type=\"widget\" data-widget_type=\"text-editor.default\">\n\t\t\t\t<div class=\"elementor-widget-container\">\n\t\t\t\t\t\t\t<p><em>Spuntini preparati con cura<\/em><\/p>\n\t\t\t\t\t\t<\/div>\n\t\t\t\t<\/div>\n\t\t\t\t\t<\/div>\n\t\t<\/div>\n\t\t\t\t\t\t\t<\/div>\n\t\t<\/section>\n\t\t\t\t<section class=\"elementor-section elementor-top-section elementor-element elementor-element-648d963 elementor-section-boxed elementor-section-height-default elementor-section-height-default\" data-id=\"648d963\" data-element_type=\"section\">\n\t\t\t\t\t\t<div class=\"elementor-container elementor-column-gap-default\">\n\t\t\t\t\t<div class=\"elementor-column elementor-col-100 elementor-top-column elementor-element elementor-element-3da7196\" data-id=\"3da7196\" data-element_type=\"column\">\n\t\t\t<div class=\"elementor-widget-wrap elementor-element-populated\">\n\t\t\t\t\t\t\t\t<div class=\"elementor-element elementor-element-ae6c5be elementor-widget elementor-widget-text-editor\" data-id=\"ae6c5be\" data-element_type=\"widget\" data-widget_type=\"text-editor.default\">\n\t\t\t\t<div class=\"elementor-widget-container\">\n\t\t\t\t\t\t\t<p>Se hai fame nel pomeriggio, puoi testare le abilit\u00e0 culinarie del nostro capo. Tutti i giorni (tranne la domenica) dalle 17:00 evoca spuntini deliziosi e preparati con cura che puoi gustare nella lounge. Le bevande adatte si trovano nel frigorifero pieno, dal quale puoi servirti in qualsiasi momento. Quindi niente ostacola una serata conviviale.<\/p>\n\t\t\t\t\t\t<\/div>\n\t\t\t\t<\/div>\n\t\t\t\t\t<\/div>\n\t\t<\/div>\n\t\t\t\t\t\t\t<\/div>\n\t\t<\/section>\n\t\t\t\t\t\t\t<\/div>\n\t\t","protected":false},"excerpt":{"rendered":"<p>godimento Abbiamo la cosa giusta per tutti i gusti La nostra ricca colazione a buffet ti d\u00e0 la forza per iniziare la tua giornata di vacanza Per colazione vi offriamo un ricco buffet con tutti i tipi di prodotti agricoli locali e prelibatezze regionali incl. un angolo vitale per gli atleti tra di voi. Aiutati [&hellip;]<\/p>\n","protected":false},"author":1,"featured_media":0,"parent":0,"menu_order":0,"comment_status":"closed","ping_status":"closed","template":"","meta":{"passster_activate_protection":false,"passster_protect_child_pages":"","passster_protection_type":"password","passster_password":"","passster_activate_overwrite_defaults":"","passster_headline":"","passster_instruction":"","passster_placeholder":"","passster_button":"","passster_id":"","passster_activate_misc_settings":"","passster_redirect_url":"","passster_hide":"no","passster_area_shortcode":"","footnotes":""},"class_list":["post-2861","page","type-page","status-publish","hentry","entry"],"yoast_head":"<!-- This site is optimized with the Yoast SEO plugin v20.8 - https:\/\/yoast.com\/wordpress\/plugins\/seo\/ -->\n<title>godimento - OLYMPIA Privathotel Garni<\/title>\n<meta name=\"description\" content=\"OLYMPIA Privathotel Garni - Per colazione vi offriamo un ricco buffet con tutti i tipi di prodotti agricoli locali e prelibatezze regionali incl. un angolo vitale per gli atleti tra di voi. Aiutati ogni giorno dalle 7:30 alle 10:30 nel nostro generoso buffet e rafforzati per l&#039;inizio della tua giornata di vacanza.\" \/>\n<meta name=\"robots\" content=\"index, follow, max-snippet:-1, max-image-preview:large, max-video-preview:-1\" \/>\n<link rel=\"canonical\" href=\"https:\/\/www.urlaub-defereggental.at\/it\/godimento\/\" \/>\n<meta property=\"og:locale\" content=\"it_IT\" \/>\n<meta property=\"og:type\" content=\"article\" \/>\n<meta property=\"og:title\" content=\"godimento - OLYMPIA Privathotel Garni\" \/>\n<meta property=\"og:description\" content=\"OLYMPIA Privathotel Garni - Per colazione vi offriamo un ricco buffet con tutti i tipi di prodotti agricoli locali e prelibatezze regionali incl. un angolo vitale per gli atleti tra di voi. Aiutati ogni giorno dalle 7:30 alle 10:30 nel nostro generoso buffet e rafforzati per l&#039;inizio della tua giornata di vacanza.\" \/>\n<meta property=\"og:url\" content=\"https:\/\/www.urlaub-defereggental.at\/it\/godimento\/\" \/>\n<meta property=\"og:site_name\" content=\"OLYMPIA Privathotel Garni\" \/>\n<meta property=\"article:modified_time\" content=\"2022-02-16T06:48:55+00:00\" \/>\n<meta property=\"og:image\" content=\"https:\/\/www.urlaub-defereggental.at\/wp-content\/uploads\/2021\/11\/Fruehstueck_2-e1636101203572.jpg\" \/>\n<meta name=\"twitter:card\" content=\"summary_large_image\" \/>\n<meta name=\"twitter:label1\" content=\"Tempo di lettura stimato\" \/>\n\t<meta name=\"twitter:data1\" content=\"1 minuto\" \/>\n<script type=\"application\/ld+json\" class=\"yoast-schema-graph\">{\"@context\":\"https:\/\/schema.org\",\"@graph\":[{\"@type\":\"WebPage\",\"@id\":\"https:\/\/www.urlaub-defereggental.at\/it\/godimento\/\",\"url\":\"https:\/\/www.urlaub-defereggental.at\/it\/godimento\/\",\"name\":\"godimento - OLYMPIA Privathotel Garni\",\"isPartOf\":{\"@id\":\"https:\/\/www.urlaub-defereggental.at\/#website\"},\"datePublished\":\"2022-02-16T06:48:51+00:00\",\"dateModified\":\"2022-02-16T06:48:55+00:00\",\"description\":\"OLYMPIA Privathotel Garni - Per colazione vi offriamo un ricco buffet con tutti i tipi di prodotti agricoli locali e prelibatezze regionali incl. un angolo vitale per gli atleti tra di voi. Aiutati ogni giorno dalle 7:30 alle 10:30 nel nostro generoso buffet e rafforzati per l'inizio della tua giornata di vacanza.\",\"inLanguage\":\"it-IT\",\"potentialAction\":[{\"@type\":\"ReadAction\",\"target\":[\"https:\/\/www.urlaub-defereggental.at\/it\/godimento\/\"]}]},{\"@type\":\"WebSite\",\"@id\":\"https:\/\/www.urlaub-defereggental.at\/#website\",\"url\":\"https:\/\/www.urlaub-defereggental.at\/\",\"name\":\"OLYMPIA Privathotel Garni\",\"description\":\"Herzlich Willkommen im Olympia\",\"publisher\":{\"@id\":\"https:\/\/www.urlaub-defereggental.at\/#organization\"},\"potentialAction\":[{\"@type\":\"SearchAction\",\"target\":{\"@type\":\"EntryPoint\",\"urlTemplate\":\"https:\/\/www.urlaub-defereggental.at\/?s={search_term_string}\"},\"query-input\":\"required name=search_term_string\"}],\"inLanguage\":\"it-IT\"},{\"@type\":\"Organization\",\"@id\":\"https:\/\/www.urlaub-defereggental.at\/#organization\",\"name\":\"OLYMPIA Privathotel Garni\",\"url\":\"https:\/\/www.urlaub-defereggental.at\/\",\"logo\":{\"@type\":\"ImageObject\",\"inLanguage\":\"it-IT\",\"@id\":\"https:\/\/www.urlaub-defereggental.at\/#\/schema\/logo\/image\/\",\"url\":\"https:\/\/www.urlaub-defereggental.at\/wp-content\/uploads\/2022\/02\/Element-2.png\",\"contentUrl\":\"https:\/\/www.urlaub-defereggental.at\/wp-content\/uploads\/2022\/02\/Element-2.png\",\"width\":206,\"height\":298,\"caption\":\"OLYMPIA Privathotel Garni\"},\"image\":{\"@id\":\"https:\/\/www.urlaub-defereggental.at\/#\/schema\/logo\/image\/\"}}]}<\/script>\n<!-- \/ Yoast SEO plugin. -->","yoast_head_json":{"title":"godimento - OLYMPIA Privathotel Garni","description":"OLYMPIA Privathotel Garni - Per colazione vi offriamo un ricco buffet con tutti i tipi di prodotti agricoli locali e prelibatezze regionali incl. un angolo vitale per gli atleti tra di voi. Aiutati ogni giorno dalle 7:30 alle 10:30 nel nostro generoso buffet e rafforzati per l'inizio della tua giornata di vacanza.","robots":{"index":"index","follow":"follow","max-snippet":"max-snippet:-1","max-image-preview":"max-image-preview:large","max-video-preview":"max-video-preview:-1"},"canonical":"https:\/\/www.urlaub-defereggental.at\/it\/godimento\/","og_locale":"it_IT","og_type":"article","og_title":"godimento - OLYMPIA Privathotel Garni","og_description":"OLYMPIA Privathotel Garni - Per colazione vi offriamo un ricco buffet con tutti i tipi di prodotti agricoli locali e prelibatezze regionali incl. un angolo vitale per gli atleti tra di voi. Aiutati ogni giorno dalle 7:30 alle 10:30 nel nostro generoso buffet e rafforzati per l'inizio della tua giornata di vacanza.","og_url":"https:\/\/www.urlaub-defereggental.at\/it\/godimento\/","og_site_name":"OLYMPIA Privathotel Garni","article_modified_time":"2022-02-16T06:48:55+00:00","og_image":[{"url":"https:\/\/www.urlaub-defereggental.at\/wp-content\/uploads\/2021\/11\/Fruehstueck_2-e1636101203572.jpg"}],"twitter_card":"summary_large_image","twitter_misc":{"Tempo di lettura stimato":"1 minuto"},"schema":{"@context":"https:\/\/schema.org","@graph":[{"@type":"WebPage","@id":"https:\/\/www.urlaub-defereggental.at\/it\/godimento\/","url":"https:\/\/www.urlaub-defereggental.at\/it\/godimento\/","name":"godimento - OLYMPIA Privathotel Garni","isPartOf":{"@id":"https:\/\/www.urlaub-defereggental.at\/#website"},"datePublished":"2022-02-16T06:48:51+00:00","dateModified":"2022-02-16T06:48:55+00:00","description":"OLYMPIA Privathotel Garni - Per colazione vi offriamo un ricco buffet con tutti i tipi di prodotti agricoli locali e prelibatezze regionali incl. un angolo vitale per gli atleti tra di voi. Aiutati ogni giorno dalle 7:30 alle 10:30 nel nostro generoso buffet e rafforzati per l'inizio della tua giornata di vacanza.","inLanguage":"it-IT","potentialAction":[{"@type":"ReadAction","target":["https:\/\/www.urlaub-defereggental.at\/it\/godimento\/"]}]},{"@type":"WebSite","@id":"https:\/\/www.urlaub-defereggental.at\/#website","url":"https:\/\/www.urlaub-defereggental.at\/","name":"OLYMPIA Privathotel Garni","description":"Herzlich Willkommen im Olympia","publisher":{"@id":"https:\/\/www.urlaub-defereggental.at\/#organization"},"potentialAction":[{"@type":"SearchAction","target":{"@type":"EntryPoint","urlTemplate":"https:\/\/www.urlaub-defereggental.at\/?s={search_term_string}"},"query-input":"required name=search_term_string"}],"inLanguage":"it-IT"},{"@type":"Organization","@id":"https:\/\/www.urlaub-defereggental.at\/#organization","name":"OLYMPIA Privathotel Garni","url":"https:\/\/www.urlaub-defereggental.at\/","logo":{"@type":"ImageObject","inLanguage":"it-IT","@id":"https:\/\/www.urlaub-defereggental.at\/#\/schema\/logo\/image\/","url":"https:\/\/www.urlaub-defereggental.at\/wp-content\/uploads\/2022\/02\/Element-2.png","contentUrl":"https:\/\/www.urlaub-defereggental.at\/wp-content\/uploads\/2022\/02\/Element-2.png","width":206,"height":298,"caption":"OLYMPIA Privathotel Garni"},"image":{"@id":"https:\/\/www.urlaub-defereggental.at\/#\/schema\/logo\/image\/"}}]}},"_links":{"self":[{"href":"https:\/\/www.urlaub-defereggental.at\/it\/wp-json\/wp\/v2\/pages\/2861","targetHints":{"allow":["GET"]}}],"collection":[{"href":"https:\/\/www.urlaub-defereggental.at\/it\/wp-json\/wp\/v2\/pages"}],"about":[{"href":"https:\/\/www.urlaub-defereggental.at\/it\/wp-json\/wp\/v2\/types\/page"}],"author":[{"embeddable":true,"href":"https:\/\/www.urlaub-defereggental.at\/it\/wp-json\/wp\/v2\/users\/1"}],"replies":[{"embeddable":true,"href":"https:\/\/www.urlaub-defereggental.at\/it\/wp-json\/wp\/v2\/comments?post=2861"}],"version-history":[{"count":2,"href":"https:\/\/www.urlaub-defereggental.at\/it\/wp-json\/wp\/v2\/pages\/2861\/revisions"}],"predecessor-version":[{"id":2868,"href":"https:\/\/www.urlaub-defereggental.at\/it\/wp-json\/wp\/v2\/pages\/2861\/revisions\/2868"}],"wp:attachment":[{"href":"https:\/\/www.urlaub-defereggental.at\/it\/wp-json\/wp\/v2\/media?parent=2861"}],"curies":[{"name":"wp","href":"https:\/\/api.w.org\/{rel}","templated":true}]}}